{"id":24,"date":"2023-07-21T07:50:22","date_gmt":"2023-07-21T07:50:22","guid":{"rendered":"https:\/\/demirkayaterazi.com\/?page_id=24"},"modified":"2023-07-22T08:40:23","modified_gmt":"2023-07-22T08:40:23","slug":"cozumler","status":"publish","type":"page","link":"https:\/\/demirkayaterazi.com\/index.php\/cozumler\/","title":{"rendered":"\u00c7\u00f6z\u00fcmler"},"content":{"rendered":"<div id='av_section_1'  class='avia-section av-3217g-70d1985bc86d61b98425c9b9f512f5a3 main_color avia-section-default avia-no-border-styling  avia-builder-el-0  el_before_av_one_third  avia-builder-el-first  avia-bg-style-scroll container_wrap sidebar_right'  ><div class='container av-section-cont-open' ><main  role=\"main\" itemprop=\"mainContentOfPage\"  class='template-page content  av-content-small alpha units'><div class='post-entry post-entry-type-page post-entry-24'><div class='entry-content-wrapper clearfix'><\/div><\/div><\/main><!-- close content main element --><\/div><\/div><div id='after_section_1'  class='main_color av_default_container_wrap container_wrap sidebar_right'  ><div class='container av-section-cont-open' ><div class='template-page content  av-content-small alpha units'><div class='post-entry post-entry-type-page post-entry-24'><div class='entry-content-wrapper clearfix'>\n<div  class='flex_column av-2yu08-2aa285323eeb7c03957bc201d216ae74 av_one_third  avia-builder-el-1  el_after_av_section  el_before_av_one_third  avia-builder-el-first  first flex_column_div  '     ><p>\n<style type=\"text\/css\" data-created_by=\"avia_inline_auto\" id=\"style-css-av-lkdq7pmo-e0c194c95064350a5f953b9d3126315f\">\n.avia-image-container.av-lkdq7pmo-e0c194c95064350a5f953b9d3126315f img.avia_image{\nbox-shadow:none;\n}\n.avia-image-container.av-lkdq7pmo-e0c194c95064350a5f953b9d3126315f .av-image-caption-overlay-center{\ncolor:#ffffff;\n}\n<\/style>\n<div  class='avia-image-container av-lkdq7pmo-e0c194c95064350a5f953b9d3126315f av-styling- avia-align-center  avia-builder-el-2  el_before_av_image  avia-builder-el-first '   itemprop=\"image\" itemscope=\"itemscope\" itemtype=\"https:\/\/schema.org\/ImageObject\" ><div class=\"avia-image-container-inner\"><div class=\"avia-image-overlay-wrap\"><img decoding=\"async\" class='wp-image-95 avia-img-lazy-loading-not-95 avia_image ' src=\"https:\/\/demirkayaterazi.com\/wp-content\/uploads\/2023\/07\/lp-logo-guncel.png\" alt='' title='lp-logo-guncel'  height=\"95\" width=\"300\"  itemprop=\"thumbnailUrl\"  \/><\/div><\/div><\/div><br \/>\n\n<style type=\"text\/css\" data-created_by=\"avia_inline_auto\" id=\"style-css-av-lkdqm8h6-315bbbf750cde91863ec6198d877b251\">\n.avia-image-container.av-lkdqm8h6-315bbbf750cde91863ec6198d877b251 img.avia_image{\nbox-shadow:none;\n}\n.avia-image-container.av-lkdqm8h6-315bbbf750cde91863ec6198d877b251 .av-image-caption-overlay-center{\ncolor:#ffffff;\n}\n<\/style>\n<div  class='avia-image-container av-lkdqm8h6-315bbbf750cde91863ec6198d877b251 av-styling- avia-align-center  avia-builder-el-3  el_after_av_image  avia-builder-el-last '   itemprop=\"image\" itemscope=\"itemscope\" itemtype=\"https:\/\/schema.org\/ImageObject\" ><div class=\"avia-image-container-inner\"><div class=\"avia-image-overlay-wrap\"><img decoding=\"async\" class='wp-image-98 avia-img-lazy-loading-not-98 avia_image ' src=\"https:\/\/demirkayaterazi.com\/wp-content\/uploads\/2023\/07\/2-954x1024.png\" alt='' title='2'  height=\"1024\" width=\"954\"  itemprop=\"thumbnailUrl\" srcset=\"https:\/\/demirkayaterazi.com\/wp-content\/uploads\/2023\/07\/2-954x1024.png 954w, https:\/\/demirkayaterazi.com\/wp-content\/uploads\/2023\/07\/2-279x300.png 279w, https:\/\/demirkayaterazi.com\/wp-content\/uploads\/2023\/07\/2-768x824.png 768w, https:\/\/demirkayaterazi.com\/wp-content\/uploads\/2023\/07\/2-1431x1536.png 1431w, https:\/\/demirkayaterazi.com\/wp-content\/uploads\/2023\/07\/2-1908x2048.png 1908w, https:\/\/demirkayaterazi.com\/wp-content\/uploads\/2023\/07\/2-1397x1500.png 1397w, https:\/\/demirkayaterazi.com\/wp-content\/uploads\/2023\/07\/2-657x705.png 657w\" sizes=\"(max-width: 954px) 100vw, 954px\" \/><\/div><\/div><\/div><\/p><\/div><div  class='flex_column av-27yho-64033e3f81be938bcc7498924b1f3df4 av_one_third  avia-builder-el-4  el_after_av_one_third  el_before_av_one_third  flex_column_div  '     ><p>\n<style type=\"text\/css\" data-created_by=\"avia_inline_auto\" id=\"style-css-av-1qyx0-3b9719008b3a2a3568c8879fb9cff65d\">\n#top .av-special-heading.av-1qyx0-3b9719008b3a2a3568c8879fb9cff65d{\npadding-bottom:10px;\n}\nbody .av-special-heading.av-1qyx0-3b9719008b3a2a3568c8879fb9cff65d .av-special-heading-tag .heading-char{\nfont-size:25px;\n}\n.av-special-heading.av-1qyx0-3b9719008b3a2a3568c8879fb9cff65d .av-subheading{\nfont-size:15px;\n}\n<\/style>\n<div  class='av-special-heading av-1qyx0-3b9719008b3a2a3568c8879fb9cff65d av-special-heading-h3  avia-builder-el-5  el_before_av_textblock  avia-builder-el-first '><h3 class='av-special-heading-tag'  itemprop=\"headline\"  >Kimdir ?<\/h3><div class=\"special-heading-border\"><div class=\"special-heading-inner-border\"><\/div><\/div><\/div><br \/>\n<section  class='av_textblock_section av-lkdqc5f2-20241b567d3a12dfa52826a53640b687 '   itemscope=\"itemscope\" itemtype=\"https:\/\/schema.org\/CreativeWork\" ><div class='avia_textblock'  itemprop=\"text\" ><p>Ko\u00e7tim Group&#8217;un yaz\u0131l\u0131m sekt\u00f6r\u00fcndeki lokomotif markas\u0131 Lotus Pecas, Gastronomi sekt\u00f6r\u00fc ba\u015fta olmak \u00fczere Perakende sekt\u00f6r\u00fc i\u00e7in geli\u015ftirdi\u011fi yaz\u0131l\u0131mlar ile T\u00fcrkiye ve Avrupa\u2019da 10 \u00fclkede \u00fcr\u00fcn ve hizmet sunmaktad\u0131r. Konusunda son teknolojileri eksiksiz takip eden ve hatta zaman zaman bu teknolojileri kendisi geli\u015ftiren, t\u00fcm bunlar\u0131 sadece ulusal boyutta ger\u00e7ekle\u015ftirmekle kalmay\u0131p uluslararas\u0131 d\u00fczeye de ta\u015f\u0131yan, tasar\u0131mdan \u00fcretime, yaz\u0131l\u0131m konusundaki t\u00fcm alanlarda hizmet veren eksiksiz bir yap\u0131 olu\u015fturan \u00e7\u00f6z\u00fcm orta\u011f\u0131m\u0131z i\u015fletim sistemi olan terazilerimize \u00f6zel yaz\u0131l\u0131mlar \u00fcretmektedir.<\/p>\n<\/div><\/section><br \/>\n\n<style type=\"text\/css\" data-created_by=\"avia_inline_auto\" id=\"style-css-av-lkdqr6np-c46f311319c940942ce2841678c6e9e3\">\n.avia-image-container.av-lkdqr6np-c46f311319c940942ce2841678c6e9e3 img.avia_image{\nbox-shadow:none;\n}\n.avia-image-container.av-lkdqr6np-c46f311319c940942ce2841678c6e9e3 .av-image-caption-overlay-center{\ncolor:#ffffff;\n}\n<\/style>\n<div  class='avia-image-container av-lkdqr6np-c46f311319c940942ce2841678c6e9e3 av-styling- avia-align-center  avia-builder-el-7  el_after_av_textblock  avia-builder-el-last '   itemprop=\"image\" itemscope=\"itemscope\" itemtype=\"https:\/\/schema.org\/ImageObject\" ><div class=\"avia-image-container-inner\"><div class=\"avia-image-overlay-wrap\"><img decoding=\"async\" class='wp-image-99 avia-img-lazy-loading-not-99 avia_image ' src=\"https:\/\/demirkayaterazi.com\/wp-content\/uploads\/2023\/07\/1.png\" alt='' title='1'  height=\"2017\" width=\"1906\"  itemprop=\"thumbnailUrl\" srcset=\"https:\/\/demirkayaterazi.com\/wp-content\/uploads\/2023\/07\/1.png 1906w, https:\/\/demirkayaterazi.com\/wp-content\/uploads\/2023\/07\/1-283x300.png 283w, https:\/\/demirkayaterazi.com\/wp-content\/uploads\/2023\/07\/1-968x1024.png 968w, https:\/\/demirkayaterazi.com\/wp-content\/uploads\/2023\/07\/1-768x813.png 768w, https:\/\/demirkayaterazi.com\/wp-content\/uploads\/2023\/07\/1-1451x1536.png 1451w, https:\/\/demirkayaterazi.com\/wp-content\/uploads\/2023\/07\/1-1417x1500.png 1417w, https:\/\/demirkayaterazi.com\/wp-content\/uploads\/2023\/07\/1-666x705.png 666w\" sizes=\"(max-width: 1906px) 100vw, 1906px\" \/><\/div><\/div><\/div><\/p><\/div><div  class='flex_column av-9ic-59d695a675c2cf4b07d5f371026fff66 av_one_third  avia-builder-el-8  el_after_av_one_third  avia-builder-el-last  flex_column_div  '     ><p>\n<style type=\"text\/css\" data-created_by=\"avia_inline_auto\" id=\"style-css-av-lkdqct2n-0941dda771a148062e3a86fa44d6a6a5\">\n#top .av-special-heading.av-lkdqct2n-0941dda771a148062e3a86fa44d6a6a5{\npadding-bottom:10px;\n}\nbody .av-special-heading.av-lkdqct2n-0941dda771a148062e3a86fa44d6a6a5 .av-special-heading-tag .heading-char{\nfont-size:25px;\n}\n.av-special-heading.av-lkdqct2n-0941dda771a148062e3a86fa44d6a6a5 .av-subheading{\nfont-size:15px;\n}\n<\/style>\n<div  class='av-special-heading av-lkdqct2n-0941dda771a148062e3a86fa44d6a6a5 av-special-heading-h3  avia-builder-el-9  el_before_av_iconlist  avia-builder-el-first '><h3 class='av-special-heading-tag'  itemprop=\"headline\"  >\u00dcr\u00fcn ve Hizmetleri<\/h3><div class=\"special-heading-border\"><div class=\"special-heading-inner-border\"><\/div><\/div><\/div><br \/>\n<div  class='avia-icon-list-container av-lkdqjcd5-e075cc1873dedd66b65cf2f74c65e46c  avia-builder-el-10  el_after_av_heading  avia-builder-el-last '><ul class='avia-icon-list avia_animate_when_almost_visible avia-icon-list-left av-iconlist-small av-lkdqjcd5-e075cc1873dedd66b65cf2f74c65e46c avia-iconlist-animate'>\n<li><div class='iconlist_icon av-lkdqe9ft-8b397e5fdd904aaa1b646f03c09af185 avia-font-entypo-fontello'><span class='iconlist-char' aria-hidden='true' data-av_icon='\ue82b' data-av_iconfont='entypo-fontello'><\/span><\/div><article class=\"article-icon-entry \"  itemscope=\"itemscope\" itemtype=\"https:\/\/schema.org\/CreativeWork\" ><div class=\"iconlist_content_wrap\"><header class=\"entry-content-header\"><div class='av_iconlist_title iconlist_title_small  '  itemprop=\"headline\" >Lp.Andro<\/div><\/header><div class='iconlist_content '  itemprop=\"text\" ><p>Android sistemler i\u00e7in h\u0131zl\u0131 sat\u0131\u015f yaz\u0131l\u0131m\u0131.<\/p>\n<\/div><\/div><footer class=\"entry-footer\"><\/footer><\/article><div class=\"iconlist-timeline\"><\/div><\/li>\n<li><div class='iconlist_icon av-lkdqers5-e4e255a6304037edd10897a498762ca7 avia-font-entypo-fontello'><span class='iconlist-char' aria-hidden='true' data-av_icon='\ue82b' data-av_iconfont='entypo-fontello'><\/span><\/div><article class=\"article-icon-entry \"  itemscope=\"itemscope\" itemtype=\"https:\/\/schema.org\/CreativeWork\" ><div class=\"iconlist_content_wrap\"><header class=\"entry-content-header\"><div class='av_iconlist_title iconlist_title_small  '  itemprop=\"headline\" >Lp.Alacarte<\/div><\/header><div class='iconlist_content '  itemprop=\"text\" ><p>Windows sistemler i\u00e7in Restaurant Program\u0131<\/p>\n<\/div><\/div><footer class=\"entry-footer\"><\/footer><\/article><div class=\"iconlist-timeline\"><\/div><\/li>\n<li><div class='iconlist_icon av-lkdqfdlc-a39891c03a45fef1633fa480a8c341b0 avia-font-entypo-fontello'><span class='iconlist-char' aria-hidden='true' data-av_icon='\ue82b' data-av_iconfont='entypo-fontello'><\/span><\/div><article class=\"article-icon-entry \"  itemscope=\"itemscope\" itemtype=\"https:\/\/schema.org\/CreativeWork\" ><div class=\"iconlist_content_wrap\"><header class=\"entry-content-header\"><div class='av_iconlist_title iconlist_title_small  '  itemprop=\"headline\" >Lp.Onset<\/div><\/header><div class='iconlist_content '  itemprop=\"text\" ><p>Windows sistemler i\u00e7in Cafe ve H\u0131zl\u0131 sat\u0131\u015f program\u0131<\/p>\n<\/div><\/div><footer class=\"entry-footer\"><\/footer><\/article><div class=\"iconlist-timeline\"><\/div><\/li>\n<li><div class='iconlist_icon av-lkdqfdlc-11-ec2d9890795c94c2f668d33fe5d2c9c9 avia-font-entypo-fontello'><span class='iconlist-char' aria-hidden='true' data-av_icon='\ue82b' data-av_iconfont='entypo-fontello'><\/span><\/div><article class=\"article-icon-entry \"  itemscope=\"itemscope\" itemtype=\"https:\/\/schema.org\/CreativeWork\" ><div class=\"iconlist_content_wrap\"><header class=\"entry-content-header\"><div class='av_iconlist_title iconlist_title_small  '  itemprop=\"headline\" >Lp.Retail<\/div><\/header><div class='iconlist_content '  itemprop=\"text\" ><p>Windows sistemler i\u00e7in Terazi entegrasyonlu sat\u0131\u015f sistemi<\/p>\n<\/div><\/div><footer class=\"entry-footer\"><\/footer><\/article><div class=\"iconlist-timeline\"><\/div><\/li>\n<li><div class='iconlist_icon av-lkdqfdlc-10-33f5ec19655d4d85e2111077b78aa795 avia-font-entypo-fontello'><span class='iconlist-char' aria-hidden='true' data-av_icon='\ue82b' data-av_iconfont='entypo-fontello'><\/span><\/div><article class=\"article-icon-entry \"  itemscope=\"itemscope\" itemtype=\"https:\/\/schema.org\/CreativeWork\" ><div class=\"iconlist_content_wrap\"><header class=\"entry-content-header\"><div class='av_iconlist_title iconlist_title_small  '  itemprop=\"headline\" >Lp.Beauty<\/div><\/header><div class='iconlist_content '  itemprop=\"text\" ><p>Windows sistemler i\u00e7in G\u00fczellik salonu kasa sistemleri<\/p>\n<\/div><\/div><footer class=\"entry-footer\"><\/footer><\/article><div class=\"iconlist-timeline\"><\/div><\/li>\n<li><div class='iconlist_icon av-lkdqfdlc-9-eb67f34b97e5095dc524c51ffa71fa8d avia-font-entypo-fontello'><span class='iconlist-char' aria-hidden='true' data-av_icon='\ue82b' data-av_iconfont='entypo-fontello'><\/span><\/div><article class=\"article-icon-entry \"  itemscope=\"itemscope\" itemtype=\"https:\/\/schema.org\/CreativeWork\" ><div class=\"iconlist_content_wrap\"><header class=\"entry-content-header\"><div class='av_iconlist_title iconlist_title_small  '  itemprop=\"headline\" >Lp.Loof<\/div><\/header><div class='iconlist_content '  itemprop=\"text\" ><p>Windows sistemler i\u00e7in Back office muhasebe yaz\u0131l\u0131m\u0131<\/p>\n<\/div><\/div><footer class=\"entry-footer\"><\/footer><\/article><div class=\"iconlist-timeline\"><\/div><\/li>\n<li><div class='iconlist_icon av-lkdqfdlc-8-9f31ce1b10ddf12d8ba293ffeeff7a48 avia-font-entypo-fontello'><span class='iconlist-char' aria-hidden='true' data-av_icon='\ue82b' data-av_iconfont='entypo-fontello'><\/span><\/div><article class=\"article-icon-entry \"  itemscope=\"itemscope\" itemtype=\"https:\/\/schema.org\/CreativeWork\" ><div class=\"iconlist_content_wrap\"><header class=\"entry-content-header\"><div class='av_iconlist_title iconlist_title_small  '  itemprop=\"headline\" >Lp.Kiosk<\/div><\/header><div class='iconlist_content '  itemprop=\"text\" ><p>Kiosk cihazlar\u0131 i\u00e7in sat\u0131\u015f ve \u00f6deme sistemi yaz\u0131l\u0131m\u0131<\/p>\n<\/div><\/div><footer class=\"entry-footer\"><\/footer><\/article><div class=\"iconlist-timeline\"><\/div><\/li>\n<li><div class='iconlist_icon av-lkdqfdlc-7-b9fccc655bc0f76085f75d9c02a31ff1 avia-font-entypo-fontello'><span class='iconlist-char' aria-hidden='true' data-av_icon='\ue82b' data-av_iconfont='entypo-fontello'><\/span><\/div><article class=\"article-icon-entry \"  itemscope=\"itemscope\" itemtype=\"https:\/\/schema.org\/CreativeWork\" ><div class=\"iconlist_content_wrap\"><header class=\"entry-content-header\"><div class='av_iconlist_title iconlist_title_small  '  itemprop=\"headline\" >Lp.Qr Men\u00fc<\/div><\/header><div class='iconlist_content '  itemprop=\"text\" ><p>Ka\u011f\u0131t men\u00fc kullanmak istemeyenler i\u00e7in \u00e7ok \u00f6zellikleri QR Men\u00fc<\/p>\n<\/div><\/div><footer class=\"entry-footer\"><\/footer><\/article><div class=\"iconlist-timeline\"><\/div><\/li>\n<li><div class='iconlist_icon av-lkdqfdlc-6-4bd125eb8ad7dbbb4f4286f20f9e5e62 avia-font-entypo-fontello'><span class='iconlist-char' aria-hidden='true' data-av_icon='\ue82b' data-av_iconfont='entypo-fontello'><\/span><\/div><article class=\"article-icon-entry \"  itemscope=\"itemscope\" itemtype=\"https:\/\/schema.org\/CreativeWork\" ><div class=\"iconlist_content_wrap\"><header class=\"entry-content-header\"><div class='av_iconlist_title iconlist_title_small  '  itemprop=\"headline\" >Lp.Boss<\/div><\/header><div class='iconlist_content '  itemprop=\"text\" ><p>\u0130\u015fletme sahipleri i\u00e7in anl\u0131k ciro ve rapor takibi sunan patron uygulamas\u0131<\/p>\n<\/div><\/div><footer class=\"entry-footer\"><\/footer><\/article><div class=\"iconlist-timeline\"><\/div><\/li>\n<\/ul><\/div><\/p><\/div><\/p>\n","protected":false},"excerpt":{"rendered":"","protected":false},"author":1,"featured_media":0,"parent":0,"menu_order":0,"comment_status":"closed","ping_status":"closed","template":"","meta":{"footnotes":""},"class_list":["post-24","page","type-page","status-publish","hentry"],"_links":{"self":[{"href":"https:\/\/demirkayaterazi.com\/index.php\/wp-json\/wp\/v2\/pages\/24","targetHints":{"allow":["GET"]}}],"collection":[{"href":"https:\/\/demirkayaterazi.com\/index.php\/wp-json\/wp\/v2\/pages"}],"about":[{"href":"https:\/\/demirkayaterazi.com\/index.php\/wp-json\/wp\/v2\/types\/page"}],"author":[{"embeddable":true,"href":"https:\/\/demirkayaterazi.com\/index.php\/wp-json\/wp\/v2\/users\/1"}],"replies":[{"embeddable":true,"href":"https:\/\/demirkayaterazi.com\/index.php\/wp-json\/wp\/v2\/comments?post=24"}],"version-history":[{"count":5,"href":"https:\/\/demirkayaterazi.com\/index.php\/wp-json\/wp\/v2\/pages\/24\/revisions"}],"predecessor-version":[{"id":101,"href":"https:\/\/demirkayaterazi.com\/index.php\/wp-json\/wp\/v2\/pages\/24\/revisions\/101"}],"wp:attachment":[{"href":"https:\/\/demirkayaterazi.com\/index.php\/wp-json\/wp\/v2\/media?parent=24"}],"curies":[{"name":"wp","href":"https:\/\/api.w.org\/{rel}","templated":true}]}}